{"id":103,"date":"2017-11-12T15:49:05","date_gmt":"2017-11-12T14:49:05","guid":{"rendered":"http:\/\/simplepostmap.tangodev.it\/demo\/?page_id=103"},"modified":"2017-11-13T18:45:12","modified_gmt":"2017-11-13T17:45:12","slug":"marker-type","status":"publish","type":"page","link":"https:\/\/simplepostmap.tangodev.it\/demo\/marker-type\/","title":{"rendered":"Marker type"},"content":{"rendered":"<h3>Marker icon default<\/h3>\n        <div \n            class=\"spm-map \" \n            style=\"height: 400px\"\n            data-type=\"roadmap\"\n            data-map-controls=\"1\"\n            data-marker-clusterer=\"1\"\n            data-marker-icon=\"default\"\n            data-popup-position=\"top\"\n            data-show-anchor=\"1\">\n                            <div class=\"spm-marker\"\n                    data-lat=\"40.4167754\" \n                    data-lng=\"-3.7037901999999576\"\n                    data-marker-icon-url=\"default\">\n                                            <a href=\"https:\/\/simplepostmap.tangodev.it\/demo\/2017\/11\/10\/madrid\/\" data-img-src=\"https:\/\/simplepostmap.tangodev.it\/demo\/wp-content\/uploads\/2017\/11\/16499080702_844a424228_b-300x183.jpg\" class=\"spm-infowindow-img-container\"><\/a>\n                    \n                                            <h4 class=\"spm-infowindow-title\"><a href=\"https:\/\/simplepostmap.tangodev.it\/demo\/2017\/11\/10\/madrid\/\">Madrid<\/a><\/h4>\n                    \n                                            <p class=\"spm-infowindow-text\">Madrid (\/m\u0259\u02c8dr\u026ad\/, Spanish: [ma\u02c8\u00f0\u027ei\u00f0], locally [ma\u02c8\u00f0\u027ei(\u03b8)]) is the capital of Spain and the largest municipality in both the Community of Madrid and Spain as a whole.<\/p>\n                                    <\/div>\n                            <div class=\"spm-marker\"\n                    data-lat=\"37.3914167\" \n                    data-lng=\"-6.004336100000046\"\n                    data-marker-icon-url=\"default\">\n                                            <a href=\"https:\/\/simplepostmap.tangodev.it\/demo\/2017\/11\/10\/sevilla\/\" data-img-src=\"https:\/\/simplepostmap.tangodev.it\/demo\/wp-content\/uploads\/2017\/11\/sevilla-182830_1920-300x169.jpg\" class=\"spm-infowindow-img-container\"><\/a>\n                    \n                                            <h4 class=\"spm-infowindow-title\"><a href=\"https:\/\/simplepostmap.tangodev.it\/demo\/2017\/11\/10\/sevilla\/\">Sevilla<\/a><\/h4>\n                    \n                                            <p class=\"spm-infowindow-text\">Seville (\/s\u0259\u02c8v\u026al\/; Spanish: Sevilla [se\u02c8\u03b2i\u028ea], locally [se\u02c8\u03b2i(\u025f)\u029da] (About this sound listen)) is the capital and largest city of the autonomous community of Andalusia and the province of Seville, Spain.<\/p>\n                                    <\/div>\n                            <div class=\"spm-marker\"\n                    data-lat=\"39.4699075\" \n                    data-lng=\"-0.3762881000000107\"\n                    data-marker-icon-url=\"default\">\n                                            <a href=\"https:\/\/simplepostmap.tangodev.it\/demo\/2017\/11\/10\/valencia\/\" data-img-src=\"https:\/\/simplepostmap.tangodev.it\/demo\/wp-content\/uploads\/2017\/11\/valencia-1049389_1920-300x200.jpg\" class=\"spm-infowindow-img-container\"><\/a>\n                    \n                                            <h4 class=\"spm-infowindow-title\"><a href=\"https:\/\/simplepostmap.tangodev.it\/demo\/2017\/11\/10\/valencia\/\">Valencia<\/a><\/h4>\n                    \n                                            <p class=\"spm-infowindow-text\">Valencia (\/v\u0259\u02c8l\u025bnsi\u0259\/; Spanish:\u00a0[ba\u02c8len\u03b8ja]), officially Val\u00e8ncia (Valencian:\u00a0[va\u02c8lensia]),[2] on the east coast of Spain, is the capital of the autonomous community of Valencia and the third-largest city in Spain after Madrid and Barcelona, with around 800,000 inhabitants in the administrative centre. Its urban area extends beyond the administrative city limits with a population of around 1.5\u20131.6\u00a0million people.<\/p>\n                                    <\/div>\n                    <\/div>\n    \n<p>&nbsp;<\/p>\n<h3>Marker icon featured image<\/h3>\n        <div \n            class=\"spm-map \" \n            style=\"height: 400px\"\n            data-type=\"roadmap\"\n            data-map-controls=\"1\"\n            data-marker-clusterer=\"1\"\n            data-marker-icon=\"post_featured_image\"\n            data-popup-position=\"top\"\n            data-show-anchor=\"1\">\n                            <div class=\"spm-marker\"\n                    data-lat=\"41.8781136\" \n                    data-lng=\"-87.62979819999998\"\n                    data-marker-icon-url=\"https:\/\/simplepostmap.tangodev.it\/demo\/wp-content\/uploads\/2017\/11\/chicago-51326_1280-150x150.jpg\">\n                                            <a href=\"https:\/\/simplepostmap.tangodev.it\/demo\/2017\/11\/10\/chicago\/\" data-img-src=\"https:\/\/simplepostmap.tangodev.it\/demo\/wp-content\/uploads\/2017\/11\/chicago-51326_1280-300x188.jpg\" class=\"spm-infowindow-img-container\"><\/a>\n                    \n                                            <h4 class=\"spm-infowindow-title\"><a href=\"https:\/\/simplepostmap.tangodev.it\/demo\/2017\/11\/10\/chicago\/\">Chicago<\/a><\/h4>\n                    \n                                            <p class=\"spm-infowindow-text\">Chicago (\/\u0283\u026a\u02c8k\u0251\u02d0\u0261o\u028a\/ (About this sound listen) or \/\u0283\u026a\u02c8k\u0254\u02d0\u0261o\u028a\/), officially the City of Chicago, is the third-most populous city in the United States.<\/p>\n                                    <\/div>\n                            <div class=\"spm-marker\"\n                    data-lat=\"38.84087069999999\" \n                    data-lng=\"-105.0422595\"\n                    data-marker-icon-url=\"https:\/\/simplepostmap.tangodev.it\/demo\/wp-content\/uploads\/2017\/11\/pikes-peak-1273566_1920-150x150.jpg\">\n                                            <a href=\"https:\/\/simplepostmap.tangodev.it\/demo\/2017\/11\/10\/pikes-peak\/\" data-img-src=\"https:\/\/simplepostmap.tangodev.it\/demo\/wp-content\/uploads\/2017\/11\/pikes-peak-1273566_1920-300x200.jpg\" class=\"spm-infowindow-img-container\"><\/a>\n                    \n                                            <h4 class=\"spm-infowindow-title\"><a href=\"https:\/\/simplepostmap.tangodev.it\/demo\/2017\/11\/10\/pikes-peak\/\">Pikes Peak<\/a><\/h4>\n                    \n                                            <p class=\"spm-infowindow-text\">Pikes Peak is the highest summit of the southern Front Range of the Rocky Mountains, in North America.<\/p>\n                                    <\/div>\n                    <\/div>\n    \n<p>&nbsp;<\/p>\n<h3>Marker icon custom<\/h3>\n        <div \n            class=\"spm-map \" \n            style=\"height: 400px\"\n            data-type=\"roadmap\"\n            data-map-controls=\"1\"\n            data-marker-clusterer=\"1\"\n            data-marker-icon=\"upload\"\n            data-popup-position=\"top\"\n            data-show-anchor=\"1\">\n                            <div class=\"spm-marker\"\n                    data-lat=\"-34.60368440000001\" \n                    data-lng=\"-58.381559100000004\"\n                    data-marker-icon-url=\"https:\/\/simplepostmap.tangodev.it\/demo\/wp-content\/uploads\/2017\/11\/google-maps.png\">\n                                            <a href=\"https:\/\/simplepostmap.tangodev.it\/demo\/2017\/11\/10\/buenos-aires\/\" data-img-src=\"https:\/\/simplepostmap.tangodev.it\/demo\/wp-content\/uploads\/2017\/11\/1280px-Buenos_Aires_-_La_Boca_-_Caminito_-_200807b-300x200.jpg\" class=\"spm-infowindow-img-container\"><\/a>\n                    \n                                            <h4 class=\"spm-infowindow-title\"><a href=\"https:\/\/simplepostmap.tangodev.it\/demo\/2017\/11\/10\/buenos-aires\/\">Buenos Aires<\/a><\/h4>\n                    \n                                            <p class=\"spm-infowindow-text\">Buenos Aires (\/\u02ccbwe\u026an\u0259s \u02c8\u025b\u0259ri\u02d0z\/ or \/-\u02c8a\u026ar\u026as\/;[3] Spanish pronunciation: [\u02c8bwenos \u02c8ai\u032f\u027ees]) is the capital and most populous city of Argentina.<\/p>\n                                    <\/div>\n                            <div class=\"spm-marker\"\n                    data-lat=\"19.4326077\" \n                    data-lng=\"-99.13320799999997\"\n                    data-marker-icon-url=\"https:\/\/simplepostmap.tangodev.it\/demo\/wp-content\/uploads\/2017\/11\/google-maps.png\">\n                                            <a href=\"https:\/\/simplepostmap.tangodev.it\/demo\/2017\/11\/10\/mexico-city\/\" data-img-src=\"https:\/\/simplepostmap.tangodev.it\/demo\/wp-content\/uploads\/2017\/11\/mexico-2014178_1920-300x234.jpg\" class=\"spm-infowindow-img-container\"><\/a>\n                    \n                                            <h4 class=\"spm-infowindow-title\"><a href=\"https:\/\/simplepostmap.tangodev.it\/demo\/2017\/11\/10\/mexico-city\/\">Mexico City<\/a><\/h4>\n                    \n                                            <p class=\"spm-infowindow-text\">Mexico City, or the City of Mexico (Spanish: Ciudad de M\u00e9xico, American Spanish: [sju\u02c8\u00f0a(\u00f0) \u00f0e \u02c8me\u00e7iko] (About this sound listen);[13] abbreviated as CDMX), is the capital and most populous city of Mexico.<\/p>\n                                    <\/div>\n                            <div class=\"spm-marker\"\n                    data-lat=\"6.2530408\" \n                    data-lng=\"-75.56457369999998\"\n                    data-marker-icon-url=\"https:\/\/simplepostmap.tangodev.it\/demo\/wp-content\/uploads\/2017\/11\/google-maps.png\">\n                                            <a href=\"https:\/\/simplepostmap.tangodev.it\/demo\/2017\/11\/10\/medellin\/\" data-img-src=\"https:\/\/simplepostmap.tangodev.it\/demo\/wp-content\/uploads\/2017\/11\/medellin-182353_1920-300x225.jpg\" class=\"spm-infowindow-img-container\"><\/a>\n                    \n                                            <h4 class=\"spm-infowindow-title\"><a href=\"https:\/\/simplepostmap.tangodev.it\/demo\/2017\/11\/10\/medellin\/\">Medellin<\/a><\/h4>\n                    \n                                            <p class=\"spm-infowindow-text\">Medell\u00edn (Spanish pronunciation: [me\u00f0e\u02c8\u029din]), officially the Municipality of Medell\u00edn (Spanish: Municipio de Medell\u00edn), is the second-largest city in Colombia and the capital of the department of Antioquia.<\/p>\n                                    <\/div>\n                    <\/div>\n    \n<p>&nbsp;<\/p>\n<h3>Marker aggregation<\/h3>\n        <div \n            class=\"spm-map \" \n            style=\"height: 400px\"\n            data-type=\"roadmap\"\n            data-map-controls=\"1\"\n            data-marker-clusterer=\"1\"\n            data-marker-icon=\"default\"\n            data-popup-position=\"top\"\n            data-show-anchor=\"1\">\n                            <div class=\"spm-marker\"\n                    data-lat=\"40.5532009\" \n                    data-lng=\"14.222154000000046\"\n                    data-marker-icon-url=\"default\">\n                                            <a href=\"https:\/\/simplepostmap.tangodev.it\/demo\/2017\/11\/10\/capri\/\" data-img-src=\"https:\/\/simplepostmap.tangodev.it\/demo\/wp-content\/uploads\/2017\/11\/Habour_of_Capri-300x200.jpg\" class=\"spm-infowindow-img-container\"><\/a>\n                    \n                                            <h4 class=\"spm-infowindow-title\"><a href=\"https:\/\/simplepostmap.tangodev.it\/demo\/2017\/11\/10\/capri\/\">Capri<\/a><\/h4>\n                    \n                                            <p class=\"spm-infowindow-text\">Capri (usually pronounced \/k\u0259\u02c8pri\u02d0\/ by English speakers); Italian pronunciation: [\u02c8ka\u02d0pri]) is an island located in the Tyrrhenian Sea off the Sorrentine Peninsula, on the south side of the Gulf of Naples in the Campania region of Italy. <\/p>\n                                    <\/div>\n                            <div class=\"spm-marker\"\n                    data-lat=\"40.8517746\" \n                    data-lng=\"14.268124400000033\"\n                    data-marker-icon-url=\"default\">\n                                            <a href=\"https:\/\/simplepostmap.tangodev.it\/demo\/2017\/11\/10\/naples\/\" data-img-src=\"https:\/\/simplepostmap.tangodev.it\/demo\/wp-content\/uploads\/2017\/11\/Napoli6-300x191.png\" class=\"spm-infowindow-img-container\"><\/a>\n                    \n                                            <h4 class=\"spm-infowindow-title\"><a href=\"https:\/\/simplepostmap.tangodev.it\/demo\/2017\/11\/10\/naples\/\">Naples<\/a><\/h4>\n                    \n                                            <p class=\"spm-infowindow-text\">Naples (\/\u02c8ne\u026ap\u0259lz\/; Italian: Napoli [\u02c8na\u02d0poli] (About this sound listen), Neapolitan: Napule [\u02c8n\u0251\u02d0p\u0259l\u0259] or [\u02c8n\u0251\u02d0pul\u0259]; Latin: Neapolis; Ancient Greek: \u039d\u03b5\u03ac\u03c0\u03bf\u03bb\u03b9\u03c2, meaning \"new city\") is the capital of the Italian region Campania and the third-largest municipality in Italy after Rome and Milan.<\/p>\n                                    <\/div>\n                            <div class=\"spm-marker\"\n                    data-lat=\"41.90278349999999\" \n                    data-lng=\"12.496365500000024\"\n                    data-marker-icon-url=\"default\">\n                                            <a href=\"https:\/\/simplepostmap.tangodev.it\/demo\/2017\/11\/10\/rome\/\" data-img-src=\"https:\/\/simplepostmap.tangodev.it\/demo\/wp-content\/uploads\/2017\/11\/Colosseum_in_Rome_Italy_-_April_2007-300x176.jpg\" class=\"spm-infowindow-img-container\"><\/a>\n                    \n                                            <h4 class=\"spm-infowindow-title\"><a href=\"https:\/\/simplepostmap.tangodev.it\/demo\/2017\/11\/10\/rome\/\">Rome<\/a><\/h4>\n                    \n                                            <p class=\"spm-infowindow-text\">Rome (\/\u02c8ro\u028am\/ ROHM; Italian: Roma [\u02c8ro\u02d0ma] (About this sound listen), Latin: R\u014dma) is the capital of Italy and a special comune (named Comune di Roma Capitale).<\/p>\n                                    <\/div>\n                            <div class=\"spm-marker\"\n                    data-lat=\"45.4642035\" \n                    data-lng=\"9.189981999999986\"\n                    data-marker-icon-url=\"default\">\n                                            <a href=\"https:\/\/simplepostmap.tangodev.it\/demo\/2017\/11\/10\/milan\/\" data-img-src=\"https:\/\/simplepostmap.tangodev.it\/demo\/wp-content\/uploads\/2017\/11\/Milan_Cathedral_2013-09-18-300x200.jpg\" class=\"spm-infowindow-img-container\"><\/a>\n                    \n                                            <h4 class=\"spm-infowindow-title\"><a href=\"https:\/\/simplepostmap.tangodev.it\/demo\/2017\/11\/10\/milan\/\">Milan<\/a><\/h4>\n                    \n                                            <p class=\"spm-infowindow-text\">Milan (English: \/m\u026a\u02c8l\u00e6n\/ or US: \/m\u026a\u02c8l\u0251\u02d0n\/;[2] Italian: Milano [mi\u02c8la\u02d0no] (About this sound listen); Lombard: Milan [mi\u02c8l\u00e3\u02d0] (Milanese variant))[3][4] is the capital of Lombardy and the second most populous city in Italy after Rome, with the city proper having a population of 1,360,422[5] while its province-level municipality has a population of 3,228,000.<\/p>\n                                    <\/div>\n                    <\/div>\n    \n","protected":false},"excerpt":{"rendered":"<p>Marker icon default &nbsp; Marker icon featured image &nbsp; Marker icon custom &nbsp; Marker aggregation<\/p>\n","protected":false},"author":1,"featured_media":0,"parent":0,"menu_order":0,"comment_status":"closed","ping_status":"closed","template":"","meta":[],"_links":{"self":[{"href":"https:\/\/simplepostmap.tangodev.it\/demo\/wp-json\/wp\/v2\/pages\/103"}],"collection":[{"href":"https:\/\/simplepostmap.tangodev.it\/demo\/wp-json\/wp\/v2\/pages"}],"about":[{"href":"https:\/\/simplepostmap.tangodev.it\/demo\/wp-json\/wp\/v2\/types\/page"}],"author":[{"embeddable":true,"href":"https:\/\/simplepostmap.tangodev.it\/demo\/wp-json\/wp\/v2\/users\/1"}],"replies":[{"embeddable":true,"href":"https:\/\/simplepostmap.tangodev.it\/demo\/wp-json\/wp\/v2\/comments?post=103"}],"version-history":[{"count":2,"href":"https:\/\/simplepostmap.tangodev.it\/demo\/wp-json\/wp\/v2\/pages\/103\/revisions"}],"predecessor-version":[{"id":159,"href":"https:\/\/simplepostmap.tangodev.it\/demo\/wp-json\/wp\/v2\/pages\/103\/revisions\/159"}],"wp:attachment":[{"href":"https:\/\/simplepostmap.tangodev.it\/demo\/wp-json\/wp\/v2\/media?parent=103"}],"curies":[{"name":"wp","href":"https:\/\/api.w.org\/{rel}","templated":true}]}}